{"id":717,"date":"2017-06-23T14:15:16","date_gmt":"2017-06-23T12:15:16","guid":{"rendered":"http:\/\/www.mffv.de\/?page_id=717"},"modified":"2024-08-20T14:28:58","modified_gmt":"2024-08-20T12:28:58","slug":"mitglied-werden","status":"publish","type":"page","link":"https:\/\/www.mffv.de\/index.php\/der-mffv\/mitglied-werden\/","title":{"rendered":"Mitglied werden"},"content":{"rendered":"<p>Bereits 1995 haben sich die bekanntesten Film- und TV-Produzenten und Dienstleister Mitteldeutschlands zum MFFV zusammengeschlossen. Unser Ansatz war und ist, Produzenten und Dienstleister aus Mitteldeutschland zu vernetzen, um den direkten Austausch zu f\u00f6rdern und die Arbeitsbedingungen der mitteldeutschen Filmbranche mitzugestalten.<\/p>\n<p>Nach mehr als 20 Jahren Pr\u00e4senz stehen wir als anerkannter Partner in engem Austausch mit den Sendeanstalten und verhandeln Konditionen f\u00fcr Dienstleister wie Produzenten. Wir halten engen Kontakt zu den hiesigen F\u00f6rderinstitutionen wie der MDM, SLM und KdFS. Wir treffen uns regelm\u00e4\u00dfig mit Redakteuren, Abteilungsleitern, CVDs, Direktoren, Rundfunkr\u00e4ten und Politikern zu informellen und offenen Diskussionen im Rahmen unserer Lounge-Abende zur Situation unserer Branche. Wir sind bei allen wichtigen Branchenveranstaltungen pr\u00e4sent und vertreten den MFFV pers\u00f6nlich. Wir formulieren unsere Anforderungen und erarbeiten Leitlinien zusammen mit den Sendern und Institutionen, damit wir als Unternehmer sinnvoll in die Zukunft investieren k\u00f6nnen.<\/p>\n<p>Kurz, wir gestalten die mitteldeutsche Medienlandschaft aktiv und nachhaltig mit!<\/p>\n<p>Werden auch Sie Mitglied \u2013 vernetzen Sie sich mit den Akteuren in der Region und nutzen Sie unsere exklusiven Angebote f\u00fcr Mitglieder:<\/p>\n<ul>\n<li>aktuelle Brancheninformationen u.a. DIMBB Newsletter und das MFFV eMAG<\/li>\n<li>Teilnahme an unseren exklusiven Lounge-Abenden mit Entscheidern aus der Region<\/li>\n<li>Einladungen und Hintergrundinformationen zu diversen brancheninternen Veranstaltungen<\/li>\n<li>attraktive Sonderkonditionen bei unseren Partnern f\u00fcr Seminare, Akkreditierung etc.<\/li>\n<li>Pr\u00e4sentation Ihrer Produktionen in unseren Medien<\/li>\n<li>Logo-Paket MFFV zum Einsatz in Ihren Print- und Online Medien<\/li>\n<\/ul>\n<p>Sollten Sie Interesse an der Mitgliedschaft im MFFV haben, setzen Sie sich bitte mit uns in Verbindung. Wir informiere Sie sehr gern \u00fcber unsere Angebote und Konditionen.<\/p>\n<p>Nutzen Sie das unten stehende Kontaktformular oder schreiben Sie an info@mffv.de<\/p>\n<p>Wir freuen uns auf Sie!<\/p>\n\n<div class=\"wpcf7 no-js\" id=\"wpcf7-f716-o1\" lang=\"de-DE\" dir=\"ltr\" data-wpcf7-id=\"716\">\n<div class=\"screen-reader-response\"><p role=\"status\" aria-live=\"polite\" aria-atomic=\"true\"><\/p> <ul><\/ul><\/div>\n<form action=\"\/index.php\/wp-json\/wp\/v2\/pages\/717#wpcf7-f716-o1\" method=\"post\" class=\"wpcf7-form init\" aria-label=\"Kontaktformular\" novalidate=\"novalidate\" data-status=\"init\">\n<fieldset class=\"hidden-fields-container\"><input type=\"hidden\" name=\"_wpcf7\" value=\"716\" \/><input type=\"hidden\" name=\"_wpcf7_version\" value=\"6.1.4\" \/><input type=\"hidden\" name=\"_wpcf7_locale\" value=\"de_DE\" \/><input type=\"hidden\" name=\"_wpcf7_unit_tag\" value=\"wpcf7-f716-o1\" \/><input type=\"hidden\" name=\"_wpcf7_container_post\" value=\"0\" \/><input type=\"hidden\" name=\"_wpcf7_posted_data_hash\" value=\"\" \/>\n<\/fieldset>\n<p><span class=\"wpcf7-form-control-wrap\" data-name=\"anrede\"><span class=\"wpcf7-form-control wpcf7-radio\"><span class=\"wpcf7-list-item first\"><input type=\"radio\" name=\"anrede\" value=\"Frau\" \/><span class=\"wpcf7-list-item-label\">Frau<\/span><\/span><span class=\"wpcf7-list-item last\"><input type=\"radio\" name=\"anrede\" value=\"Herr\" \/><span class=\"wpcf7-list-item-label\">Herr<\/span><\/span><\/span><\/span>\n<\/p>\n<p class=\"halfw mr\"><span class=\"wpcf7-form-control-wrap\" data-name=\"Vorname\"><input size=\"40\" maxlength=\"400\" class=\"wpcf7-form-control wpcf7-text wpcf7-validates-as-required\" aria-required=\"true\" aria-invalid=\"false\" placeholder=\"Vorname*\" value=\"\" type=\"text\" name=\"Vorname\" \/><\/span>\n<\/p>\n<p class=\"halfw\"><span class=\"wpcf7-form-control-wrap\" data-name=\"Name\"><input size=\"40\" maxlength=\"400\" class=\"wpcf7-form-control wpcf7-text wpcf7-validates-as-required\" aria-required=\"true\" aria-invalid=\"false\" placeholder=\"Name*\" value=\"\" type=\"text\" name=\"Name\" \/><\/span>\n<\/p>\n<p><span class=\"wpcf7-form-control-wrap\" data-name=\"Firma\"><input size=\"40\" maxlength=\"400\" class=\"wpcf7-form-control wpcf7-text\" aria-invalid=\"false\" placeholder=\"Firma\" value=\"\" type=\"text\" name=\"Firma\" \/><\/span>\n<\/p>\n<p class=\"halfw mr\"><span class=\"wpcf7-form-control-wrap\" data-name=\"Telefon\"><input size=\"40\" maxlength=\"400\" class=\"wpcf7-form-control wpcf7-tel wpcf7-text wpcf7-validates-as-tel\" aria-invalid=\"false\" placeholder=\"Telefon\" value=\"\" type=\"tel\" name=\"Telefon\" \/><\/span>\n<\/p>\n<p class=\"halfw\"><span class=\"wpcf7-form-control-wrap\" data-name=\"email\"><input size=\"40\" maxlength=\"400\" class=\"wpcf7-form-control wpcf7-email wpcf7-validates-as-required wpcf7-text wpcf7-validates-as-email\" aria-required=\"true\" aria-invalid=\"false\" placeholder=\"Email*\" value=\"\" type=\"email\" name=\"email\" \/><\/span>\n<\/p>\n<p><span class=\"wpcf7-form-control-wrap\" data-name=\"betreff\"><input size=\"40\" maxlength=\"400\" class=\"wpcf7-form-control wpcf7-text wpcf7-validates-as-required\" aria-required=\"true\" aria-invalid=\"false\" placeholder=\"Betreff*\" value=\"\" type=\"text\" name=\"betreff\" \/><\/span>\n<\/p>\n<p><span class=\"wpcf7-form-control-wrap\" data-name=\"nachricht\"><textarea cols=\"40\" rows=\"10\" maxlength=\"2000\" class=\"wpcf7-form-control wpcf7-textarea wpcf7-validates-as-required\" aria-required=\"true\" aria-invalid=\"false\" placeholder=\"Nachricht*\" name=\"nachricht\"><\/textarea><\/span>\n<\/p>\n<p class=\"halfw mr\"><i>*Pflichtfelder<\/i>\n<\/p>\n<p class=\"halfw\"><input class=\"wpcf7-form-control wpcf7-submit has-spinner\" type=\"submit\" value=\"Senden\" \/>\n<\/p><p style=\"display: none !important;\" class=\"akismet-fields-container\" data-prefix=\"_wpcf7_ak_\"><label>&#916;<textarea name=\"_wpcf7_ak_hp_textarea\" cols=\"45\" rows=\"8\" maxlength=\"100\"><\/textarea><\/label><input type=\"hidden\" id=\"ak_js_1\" name=\"_wpcf7_ak_js\" value=\"47\"\/><script>document.getElementById( \"ak_js_1\" ).setAttribute( \"value\", ( new Date() ).getTime() );<\/script><\/p><div class=\"wpcf7-response-output\" aria-hidden=\"true\"><\/div>\n<\/form>\n<\/div>\n\n","protected":false},"excerpt":{"rendered":"<p>Bereits 1995 haben sich die bekanntesten Film- und TV-Produzenten und Dienstleister Mitteldeutschlands zum MFFV zusammengeschlossen. Unser Ansatz war und ist, Produzenten und Dienstleister aus Mitteldeutschland zu vernetzen, um den direkten Austausch zu f\u00f6rdern und die Arbeitsbedingungen der mitteldeutschen Filmbranche mitzugestalten. Nach mehr als 20 Jahren Pr\u00e4senz stehen wir als anerkannter Partner in engem Austausch mit &hellip; <\/p>\n<p class=\"link-more\"><a href=\"https:\/\/www.mffv.de\/index.php\/der-mffv\/mitglied-werden\/\" class=\"more-link\"><span class=\"screen-reader-text\">\u201eMitglied werden\u201c<\/span> weiterlesen<\/a><\/p>\n","protected":false},"author":1,"featured_media":0,"parent":2,"menu_order":0,"comment_status":"closed","ping_status":"closed","template":"","meta":{"_acf_changed":false,"_exactmetrics_skip_tracking":false,"_exactmetrics_sitenote_active":false,"_exactmetrics_sitenote_note":"","_exactmetrics_sitenote_category":0,"footnotes":""},"class_list":["post-717","page","type-page","status-publish","hentry"],"acf":[],"_links":{"self":[{"href":"https:\/\/www.mffv.de\/index.php\/wp-json\/wp\/v2\/pages\/717","targetHints":{"allow":["GET"]}}],"collection":[{"href":"https:\/\/www.mffv.de\/index.php\/wp-json\/wp\/v2\/pages"}],"about":[{"href":"https:\/\/www.mffv.de\/index.php\/wp-json\/wp\/v2\/types\/page"}],"author":[{"embeddable":true,"href":"https:\/\/www.mffv.de\/index.php\/wp-json\/wp\/v2\/users\/1"}],"replies":[{"embeddable":true,"href":"https:\/\/www.mffv.de\/index.php\/wp-json\/wp\/v2\/comments?post=717"}],"version-history":[{"count":14,"href":"https:\/\/www.mffv.de\/index.php\/wp-json\/wp\/v2\/pages\/717\/revisions"}],"predecessor-version":[{"id":1737,"href":"https:\/\/www.mffv.de\/index.php\/wp-json\/wp\/v2\/pages\/717\/revisions\/1737"}],"up":[{"embeddable":true,"href":"https:\/\/www.mffv.de\/index.php\/wp-json\/wp\/v2\/pages\/2"}],"wp:attachment":[{"href":"https:\/\/www.mffv.de\/index.php\/wp-json\/wp\/v2\/media?parent=717"}],"curies":[{"name":"wp","href":"https:\/\/api.w.org\/{rel}","templated":true}]}}