{"id":578,"date":"2017-05-23T19:13:26","date_gmt":"2017-05-23T17:13:26","guid":{"rendered":"http:\/\/www.mffv.de\/?page_id=578"},"modified":"2020-01-13T13:55:36","modified_gmt":"2020-01-13T12:55:36","slug":"clearing","status":"publish","type":"page","link":"https:\/\/www.mffv.de\/index.php\/clearing\/","title":{"rendered":"MFFV MDR Clearingstelle"},"content":{"rendered":"<p>Die Clearingstelle ist eine zentrale Anlaufstelle zur Kl\u00e4rung von Problemen und grunds\u00e4tzlichen Fragen, die sich aus den Vertragsbeziehung von Auftragsproduzenten, Produktionsdienstleistern und MDR ergeben k\u00f6nnen.<\/p>\n<p>Auch feste und freie Mitarbeiter der Produktionsfirmen haben jederzeit die Chance sich an die Clearingstelle zu wenden.<\/p>\n<p>In dem Gremium sitzen jeweils zwei Vertreter des MFFV und des MDR. Holm Taddiken (Cine Impuls) und Thomas Niemann (Centauri Film) vertreten den MFFV f\u00fcr Produktionsdienstleister und Christoph Kukula (42film) und Anna Neuhaus (SchmidtFilm) sind Ansprechpartner f\u00fcr die Auftragsproduzenten. Der MDR wird von Robert Nagel und Jana Koark (Zentrales Produktionsmanagement) und Holger Kouschil (Programmdirektion) vertreten.<\/p>\n<p>Eingereichte F\u00e4lle werden zeitnah bearbeitet. Dabei wird nicht in laufende Verhandlungen oder Produktionen eingegriffen. Die Clearingstelle sucht L\u00f6sungen und wird nach eingehender Beratung eine Empfehlung aussprechen.<\/p>\n<p>Schicken Sie uns Ihre Anfrage direkt und unkompliziert. Wir melden uns!<\/p>\n\n<div class=\"wpcf7 no-js\" id=\"wpcf7-f577-o1\" lang=\"de-DE\" dir=\"ltr\" data-wpcf7-id=\"577\">\n<div class=\"screen-reader-response\"><p role=\"status\" aria-live=\"polite\" aria-atomic=\"true\"><\/p> <ul><\/ul><\/div>\n<form action=\"\/index.php\/wp-json\/wp\/v2\/pages\/578#wpcf7-f577-o1\" method=\"post\" class=\"wpcf7-form init\" aria-label=\"Kontaktformular\" novalidate=\"novalidate\" data-status=\"init\">\n<fieldset class=\"hidden-fields-container\"><input type=\"hidden\" name=\"_wpcf7\" value=\"577\" \/><input type=\"hidden\" name=\"_wpcf7_version\" value=\"6.1.4\" \/><input type=\"hidden\" name=\"_wpcf7_locale\" value=\"de_DE\" \/><input type=\"hidden\" name=\"_wpcf7_unit_tag\" value=\"wpcf7-f577-o1\" \/><input type=\"hidden\" name=\"_wpcf7_container_post\" value=\"0\" \/><input type=\"hidden\" name=\"_wpcf7_posted_data_hash\" value=\"\" \/>\n<\/fieldset>\n<p><span class=\"wpcf7-form-control-wrap\" data-name=\"Firma\"><input size=\"40\" maxlength=\"400\" class=\"wpcf7-form-control wpcf7-text wpcf7-validates-as-required\" aria-required=\"true\" aria-invalid=\"false\" placeholder=\"Firma\" value=\"\" type=\"text\" name=\"Firma\" \/><\/span>\n<\/p>\n<p class=\"halfw mr\"><span class=\"wpcf7-form-control-wrap\" data-name=\"mail\"><input size=\"40\" maxlength=\"400\" class=\"wpcf7-form-control wpcf7-email wpcf7-validates-as-required wpcf7-text wpcf7-validates-as-email\" aria-required=\"true\" aria-invalid=\"false\" placeholder=\"Email*\" value=\"\" type=\"email\" name=\"mail\" \/><\/span>\n<\/p>\n<p class=\"halfw selwrap\"><span class=\"wpcf7-form-control-wrap\" data-name=\"clearing\"><select class=\"wpcf7-form-control wpcf7-select\" aria-invalid=\"false\" name=\"clearing\"><option value=\"\">&#8211; Bitte ausw\u00e4hlen &#8211;<\/option><option value=\"Offene Rechnung\">Offene Rechnung<\/option><option value=\"Verz\u00f6gerung\">Verz\u00f6gerung<\/option><option value=\"St\u00f6rung\">St\u00f6rung<\/option><option value=\"Projektablauf\">Projektablauf<\/option><option value=\"Schadensersatz\">Schadensersatz<\/option><\/select><\/span>\n<\/p>\n<p><span class=\"wpcf7-form-control-wrap\" data-name=\"betreff\"><input size=\"40\" maxlength=\"400\" class=\"wpcf7-form-control wpcf7-text wpcf7-validates-as-required\" aria-required=\"true\" aria-invalid=\"false\" placeholder=\"Betreff*\" value=\"\" type=\"text\" name=\"betreff\" \/><\/span>\n<\/p>\n<p><span class=\"wpcf7-form-control-wrap\" data-name=\"nachricht\"><textarea cols=\"40\" rows=\"10\" maxlength=\"2000\" class=\"wpcf7-form-control wpcf7-textarea wpcf7-validates-as-required\" aria-required=\"true\" aria-invalid=\"false\" placeholder=\"Schilderung*\" name=\"nachricht\"><\/textarea><\/span>\n<\/p>\n<p class=\"halfw mr\"><i>*Pflichtfelder<\/i>\n<\/p>\n<p class=\"halfw\"><input class=\"wpcf7-form-control wpcf7-submit has-spinner\" type=\"submit\" value=\"Senden\" \/>\n<\/p><p style=\"display: none !important;\" class=\"akismet-fields-container\" data-prefix=\"_wpcf7_ak_\"><label>&#916;<textarea name=\"_wpcf7_ak_hp_textarea\" cols=\"45\" rows=\"8\" maxlength=\"100\"><\/textarea><\/label><input type=\"hidden\" id=\"ak_js_1\" name=\"_wpcf7_ak_js\" value=\"211\"\/><script>document.getElementById( \"ak_js_1\" ).setAttribute( \"value\", ( new Date() ).getTime() );<\/script><\/p><div class=\"wpcf7-response-output\" aria-hidden=\"true\"><\/div>\n<\/form>\n<\/div>\n\n","protected":false},"excerpt":{"rendered":"<p>Die Clearingstelle ist eine zentrale Anlaufstelle zur Kl\u00e4rung von Problemen und grunds\u00e4tzlichen Fragen, die sich aus den Vertragsbeziehung von Auftragsproduzenten, Produktionsdienstleistern und MDR ergeben k\u00f6nnen. Auch feste und freie Mitarbeiter der Produktionsfirmen haben jederzeit die Chance sich an die Clearingstelle zu wenden. In dem Gremium sitzen jeweils zwei Vertreter des MFFV und des MDR. Holm &hellip; <\/p>\n<p class=\"link-more\"><a href=\"https:\/\/www.mffv.de\/index.php\/clearing\/\" class=\"more-link\"><span class=\"screen-reader-text\">\u201eMFFV MDR Clearingstelle\u201c<\/span> weiterlesen<\/a><\/p>\n","protected":false},"author":1,"featured_media":0,"parent":0,"menu_order":0,"comment_status":"closed","ping_status":"closed","template":"clearing.php","meta":{"_acf_changed":false,"_exactmetrics_skip_tracking":false,"_exactmetrics_sitenote_active":false,"_exactmetrics_sitenote_note":"","_exactmetrics_sitenote_category":0,"footnotes":""},"class_list":["post-578","page","type-page","status-publish","hentry"],"acf":[],"_links":{"self":[{"href":"https:\/\/www.mffv.de\/index.php\/wp-json\/wp\/v2\/pages\/578","targetHints":{"allow":["GET"]}}],"collection":[{"href":"https:\/\/www.mffv.de\/index.php\/wp-json\/wp\/v2\/pages"}],"about":[{"href":"https:\/\/www.mffv.de\/index.php\/wp-json\/wp\/v2\/types\/page"}],"author":[{"embeddable":true,"href":"https:\/\/www.mffv.de\/index.php\/wp-json\/wp\/v2\/users\/1"}],"replies":[{"embeddable":true,"href":"https:\/\/www.mffv.de\/index.php\/wp-json\/wp\/v2\/comments?post=578"}],"version-history":[{"count":8,"href":"https:\/\/www.mffv.de\/index.php\/wp-json\/wp\/v2\/pages\/578\/revisions"}],"predecessor-version":[{"id":1286,"href":"https:\/\/www.mffv.de\/index.php\/wp-json\/wp\/v2\/pages\/578\/revisions\/1286"}],"wp:attachment":[{"href":"https:\/\/www.mffv.de\/index.php\/wp-json\/wp\/v2\/media?parent=578"}],"curies":[{"name":"wp","href":"https:\/\/api.w.org\/{rel}","templated":true}]}}