{"id":477,"date":"2017-05-16T22:30:15","date_gmt":"2017-05-16T20:30:15","guid":{"rendered":"http:\/\/www.mffv.de\/?page_id=477"},"modified":"2017-07-25T17:49:45","modified_gmt":"2017-07-25T15:49:45","slug":"anfragen","status":"publish","type":"page","link":"https:\/\/www.mffv.de\/index.php\/mitgliederbereich\/anfragen\/","title":{"rendered":"Abfrage Angebotsverfahren \/ Projekteinreichungen"},"content":{"rendered":"<p>Wir beabsichtigen mit Ihren Informationen transparent zu machen, wie oder wie nicht von Seiten des Senders auf unsere Angebote und Projekte reagiert wird. Wir werten die eingegangenen Daten regelm\u00e4ssig aus und teilen Ihnen die Ergebnisse selbstverst\u00e4ndlich mit.<\/p>\n<p>Bitte geben Sie im Formular die f\u00fcr Ihre Produktion relevanten Daten ein. Schreiben Sie bitte direkt in die vorgesehenen Felder und beachten Sie, dass das Ausf\u00fcllen der Pflichtfelder n\u00f6tig ist.<\/p>\n<p>&nbsp;<\/p>\n","protected":false},"excerpt":{"rendered":"<p>Wir beabsichtigen mit Ihren Informationen transparent zu machen, wie oder wie nicht von Seiten des Senders auf unsere Angebote und Projekte reagiert wird. Wir werten die eingegangenen Daten regelm\u00e4ssig aus und teilen Ihnen die Ergebnisse selbstverst\u00e4ndlich mit. Bitte geben Sie im Formular die f\u00fcr Ihre Produktion relevanten Daten ein. Schreiben Sie bitte direkt in die &hellip; <\/p>\n<p class=\"link-more\"><a href=\"https:\/\/www.mffv.de\/index.php\/mitgliederbereich\/anfragen\/\" class=\"more-link\"><span class=\"screen-reader-text\">\u201eAbfrage Angebotsverfahren \/ Projekteinreichungen\u201c<\/span> weiterlesen<\/a><\/p>\n","protected":false},"author":1,"featured_media":0,"parent":475,"menu_order":0,"comment_status":"closed","ping_status":"closed","template":"memberfile.php","meta":{"_acf_changed":false,"_exactmetrics_skip_tracking":false,"_exactmetrics_sitenote_active":false,"_exactmetrics_sitenote_note":"","_exactmetrics_sitenote_category":0,"footnotes":""},"class_list":["post-477","page","type-page","status-publish","hentry"],"acf":[],"_links":{"self":[{"href":"https:\/\/www.mffv.de\/index.php\/wp-json\/wp\/v2\/pages\/477","targetHints":{"allow":["GET"]}}],"collection":[{"href":"https:\/\/www.mffv.de\/index.php\/wp-json\/wp\/v2\/pages"}],"about":[{"href":"https:\/\/www.mffv.de\/index.php\/wp-json\/wp\/v2\/types\/page"}],"author":[{"embeddable":true,"href":"https:\/\/www.mffv.de\/index.php\/wp-json\/wp\/v2\/users\/1"}],"replies":[{"embeddable":true,"href":"https:\/\/www.mffv.de\/index.php\/wp-json\/wp\/v2\/comments?post=477"}],"version-history":[{"count":7,"href":"https:\/\/www.mffv.de\/index.php\/wp-json\/wp\/v2\/pages\/477\/revisions"}],"predecessor-version":[{"id":957,"href":"https:\/\/www.mffv.de\/index.php\/wp-json\/wp\/v2\/pages\/477\/revisions\/957"}],"up":[{"embeddable":true,"href":"https:\/\/www.mffv.de\/index.php\/wp-json\/wp\/v2\/pages\/475"}],"wp:attachment":[{"href":"https:\/\/www.mffv.de\/index.php\/wp-json\/wp\/v2\/media?parent=477"}],"curies":[{"name":"wp","href":"https:\/\/api.w.org\/{rel}","templated":true}]}}